{"id":165,"date":"2023-06-02T10:57:03","date_gmt":"2023-06-02T10:57:03","guid":{"rendered":"https:\/\/fischer-apartments.pl\/?page_id=165"},"modified":"2025-06-13T13:04:20","modified_gmt":"2025-06-13T13:04:20","slug":"impressum","status":"publish","type":"page","link":"https:\/\/fischer-apartments.pl\/pl\/impressum\/","title":{"rendered":"Nadruk"},"content":{"rendered":"<div data-elementor-type=\"wp-page\" data-elementor-id=\"165\" class=\"elementor elementor-165\" data-elementor-post-type=\"page\">\n\t\t\t\t\t\t<section class=\"elementor-section elementor-top-section elementor-element elementor-element-d49716d elementor-section-height-min-height elementor-section-boxed elementor-section-height-default elementor-section-items-middle\" data-id=\"d49716d\" data-element_type=\"section\" data-settings=\"{&quot;background_background&quot;:&quot;classic&quot;}\">\n\t\t\t\t\t\t<div class=\"elementor-container elementor-column-gap-default\">\n\t\t\t\t\t<div class=\"elementor-column elementor-col-100 elementor-top-column elementor-element elementor-element-3a13719\" data-id=\"3a13719\" data-element_type=\"column\">\n\t\t\t<div class=\"elementor-widget-wrap elementor-element-populated\">\n\t\t\t\t\t\t<div class=\"elementor-element elementor-element-829dfed elementor-widget elementor-widget-heading\" data-id=\"829dfed\" data-element_type=\"widget\" data-widget_type=\"heading.default\">\n\t\t\t\t<div class=\"elementor-widget-container\">\n\t\t\t<h1 class=\"elementor-heading-title elementor-size-default\">Nadruk<\/h1>\t\t<\/div>\n\t\t\t\t<\/div>\n\t\t\t\t\t<\/div>\n\t\t<\/div>\n\t\t\t\t\t<\/div>\n\t\t<\/section>\n\t\t\t\t<section class=\"elementor-section elementor-top-section elementor-element elementor-element-455d77f elementor-section-boxed elementor-section-height-default elementor-section-height-default\" data-id=\"455d77f\" data-element_type=\"section\">\n\t\t\t\t\t\t<div class=\"elementor-container elementor-column-gap-default\">\n\t\t\t\t\t<div class=\"elementor-column elementor-col-100 elementor-top-column elementor-element elementor-element-6fad4c4\" data-id=\"6fad4c4\" data-element_type=\"column\">\n\t\t\t<div class=\"elementor-widget-wrap elementor-element-populated\">\n\t\t\t\t\t\t<div class=\"elementor-element elementor-element-66df969 elementor-widget elementor-widget-text-editor\" data-id=\"66df969\" data-element_type=\"widget\" data-widget_type=\"text-editor.default\">\n\t\t\t\t<div class=\"elementor-widget-container\">\n\t\t\t\t\t\t\t<div class=\"elementor-element elementor-element-f4f0d72 elementor-widget elementor-widget-text-editor\" data-id=\"f4f0d72\" data-element_type=\"widget\" data-widget_type=\"text-editor.default\"><div class=\"elementor-widget-container\"><h4><strong>Apartamenty Fischer<\/strong><\/h4><p>Mi\u0119dzyzdroje, ul. Promenada Gwiazd, nr 14C, lok. 71<br \/>Polska<br \/>Strona internetowa:\u00a0<a href=\"https:\/\/fischer-apartments.pl\/pl\/de\/\">https:\/\/fischer-apartments.pl<\/a><br \/>E-mail: info@fischer-apartments.com<br \/>Numer telefonu: +48 797 90 92 00<\/p><p><strong>Julia Fischer \"Apartamenty Fischer<\/strong><\/p><p>Numer identyfikacji podatkowej: 9552557395<\/p><p>Registrierungsnummer: 389033386<\/p><p>Zarz\u0105dzanie: Julia Fischer<\/p><\/div><\/div><div class=\"elementor-element elementor-element-9c8a7ec elementor-widget elementor-widget-heading\" data-id=\"9c8a7ec\" data-element_type=\"widget\" data-widget_type=\"heading.default\"><div class=\"elementor-widget-container\"><h4 class=\"elementor-heading-title elementor-size-default\">Zastrze\u017cenie<\/h4><\/div><\/div><div class=\"elementor-element elementor-element-5c9ba09 elementor-widget elementor-widget-shortcode\" data-id=\"5c9ba09\" data-element_type=\"widget\" data-widget_type=\"shortcode.default\"><div class=\"elementor-widget-container\"><div class=\"elementor-shortcode\"><div id=\"cmplz-document\" class=\"cmplz-document disclaimer cmplz-document-all\"><p>Julia Fischer dok\u0142ada wszelkich stara\u0144, aby niniejsza strona internetowa by\u0142a aktualna i dok\u0142adna. Je\u015bli jednak znajdziesz co\u015b, co jest nieaktualne lub nieprawid\u0142owe, b\u0119dziemy wdzi\u0119czni za poinformowanie nas o tym. Prosimy o wskazanie miejsca na stronie, w kt\u00f3rym przeczyta\u0142e\u015b umieraj\u0105ce informacje. Zajmiemy si\u0119 tym tak szybko, jak to mo\u017cliwe. Prosimy o przes\u0142anie opinii na adres:\u00a0<span class=\"cmplz-obfuscate\">moc.stnemtrapa-rehcsif@ofni<\/span>.<\/p><p>Korzystanie z witryny i wszystkich jej cz\u0119\u015bci (w tym for\u00f3w) podlega nast\u0119puj\u0105cym warunkom\u00a0<a href=\"https:\/\/fischer-apartments.pl\/pl\/de\/terms-conditions\/\" target=\"_blank\" rel=\"noopener\">Warunki u\u017cytkowania<\/a>. Korzystanie z witryny oznacza znajomo\u015b\u0107 i akceptacj\u0119 niniejszych warunk\u00f3w u\u017cytkowania.<\/p><p>Wszystkie prawa w\u0142asno\u015bci intelektualnej i tre\u015bci na tej stronie s\u0105 w\u0142asno\u015bci\u0105 Julii Fischer.<\/p><p>Kopiowanie, rozpowszechnianie lub jakiekolwiek inne wykorzystanie niniejszego dokumentu jest niedozwolone bez pisemnej zgody Julii Fischer, chyba \u017ce uzgodniono inaczej lub jest to wy\u0142\u0105czone przez obowi\u0105zuj\u0105ce prawo (np. prawo do cytowania), o ile konkretna tre\u015b\u0107 nie stanowi inaczej.<\/p><p>W przypadku jakichkolwiek pyta\u0144 lub problem\u00f3w z dost\u0119pno\u015bci\u0105 strony internetowej, prosimy o kontakt.<\/p><\/div><\/div><\/div><\/div>\t\t\t\t\t\t<\/div>\n\t\t\t\t<\/div>\n\t\t\t\t\t<\/div>\n\t\t<\/div>\n\t\t\t\t\t<\/div>\n\t\t<\/section>\n\t\t\t\t<\/div>","protected":false},"excerpt":{"rendered":"<p>Impressum Fischer Apartments Mi\u0119dzyzdroje, ul. Promenada Gwiazd, Nr. 14C, Lok. 71PolenWebseite:\u00a0https:\/\/fischer-apartments.plE-Mail: info@fischer-apartments.comTelefonnummer: +48 797 90 92 00 Julia Fischer \u201eFischer Appartements\u201c Umsatzsteuer-Identifikationsnummer: 9552557395 Registrierungsnummer: 389033386 Gesch\u00e4ftsf\u00fchrung: Julia Fischer Haftungsausschluss Julia Fischer ist dazu verpflichtet, diese Website aktuell und akkurat zu halten. Solltest du dennoch auf irgendetwas sto\u00dfen, dass veraltet oder inkorrekt ist, w\u00fcrden wir es [&hellip;]<\/p>","protected":false},"author":2,"featured_media":0,"parent":0,"menu_order":0,"comment_status":"closed","ping_status":"closed","template":"elementor_header_footer","meta":{"footnotes":""},"class_list":["post-165","page","type-page","status-publish","hentry"],"_links":{"self":[{"href":"https:\/\/fischer-apartments.pl\/pl\/wp-json\/wp\/v2\/pages\/165","targetHints":{"allow":["GET"]}}],"collection":[{"href":"https:\/\/fischer-apartments.pl\/pl\/wp-json\/wp\/v2\/pages"}],"about":[{"href":"https:\/\/fischer-apartments.pl\/pl\/wp-json\/wp\/v2\/types\/page"}],"author":[{"embeddable":true,"href":"https:\/\/fischer-apartments.pl\/pl\/wp-json\/wp\/v2\/users\/2"}],"replies":[{"embeddable":true,"href":"https:\/\/fischer-apartments.pl\/pl\/wp-json\/wp\/v2\/comments?post=165"}],"version-history":[{"count":16,"href":"https:\/\/fischer-apartments.pl\/pl\/wp-json\/wp\/v2\/pages\/165\/revisions"}],"predecessor-version":[{"id":439,"href":"https:\/\/fischer-apartments.pl\/pl\/wp-json\/wp\/v2\/pages\/165\/revisions\/439"}],"wp:attachment":[{"href":"https:\/\/fischer-apartments.pl\/pl\/wp-json\/wp\/v2\/media?parent=165"}],"curies":[{"name":"wp","href":"https:\/\/api.w.org\/{rel}","templated":true}]}}