{"id":157,"date":"2023-06-02T10:51:22","date_gmt":"2023-06-02T10:51:22","guid":{"rendered":"https:\/\/fischer-apartments.pl\/?page_id=157"},"modified":"2025-06-13T13:07:28","modified_gmt":"2025-06-13T13:07:28","slug":"datenschutz","status":"publish","type":"page","link":"https:\/\/fischer-apartments.pl\/pl\/datenschutz\/","title":{"rendered":"Ochrona danych"},"content":{"rendered":"<div data-elementor-type=\"wp-page\" data-elementor-id=\"157\" class=\"elementor elementor-157\" data-elementor-post-type=\"page\">\n\t\t\t\t\t\t<section class=\"elementor-section elementor-top-section elementor-element elementor-element-1b6893a elementor-section-height-min-height elementor-section-boxed elementor-section-height-default elementor-section-items-middle\" data-id=\"1b6893a\" data-element_type=\"section\" data-settings=\"{&quot;background_background&quot;:&quot;classic&quot;}\">\n\t\t\t\t\t\t<div class=\"elementor-container elementor-column-gap-default\">\n\t\t\t\t\t<div class=\"elementor-column elementor-col-100 elementor-top-column elementor-element elementor-element-a9c7046\" data-id=\"a9c7046\" data-element_type=\"column\">\n\t\t\t<div class=\"elementor-widget-wrap elementor-element-populated\">\n\t\t\t\t\t\t<div class=\"elementor-element elementor-element-36fa510 elementor-widget elementor-widget-heading\" data-id=\"36fa510\" data-element_type=\"widget\" data-widget_type=\"heading.default\">\n\t\t\t\t<div class=\"elementor-widget-container\">\n\t\t\t<h1 class=\"elementor-heading-title elementor-size-default\">Polityka prywatno\u015bci<\/h1>\t\t<\/div>\n\t\t\t\t<\/div>\n\t\t\t\t\t<\/div>\n\t\t<\/div>\n\t\t\t\t\t<\/div>\n\t\t<\/section>\n\t\t\t\t<section class=\"elementor-section elementor-top-section elementor-element elementor-element-6a13707 elementor-section-boxed elementor-section-height-default elementor-section-height-default\" data-id=\"6a13707\" data-element_type=\"section\">\n\t\t\t\t\t\t<div class=\"elementor-container elementor-column-gap-default\">\n\t\t\t\t\t<div class=\"elementor-column elementor-col-100 elementor-top-column elementor-element elementor-element-ea53d40\" data-id=\"ea53d40\" data-element_type=\"column\">\n\t\t\t<div class=\"elementor-widget-wrap elementor-element-populated\">\n\t\t\t\t\t\t<div class=\"elementor-element elementor-element-efbeeed elementor-widget elementor-widget-text-editor\" data-id=\"efbeeed\" data-element_type=\"widget\" data-widget_type=\"text-editor.default\">\n\t\t\t\t<div class=\"elementor-widget-container\">\n\t\t\t\t\t\t\t<p><i>Niniejsza Polityka prywatno\u015bci zosta\u0142a ostatnio zaktualizowana 16 czerwca 2022 r. i ma zastosowanie do obywateli i sta\u0142ych mieszka\u0144c\u00f3w Europejskiego Obszaru Gospodarczego i Szwajcarii.<\/i><\/p><p>W niniejszej polityce prywatno\u015bci wyja\u015bniamy, co robimy z informacjami, kt\u00f3re zbieramy o u\u017cytkowniku za po\u015brednictwem\u00a0<a href=\"https:\/\/fischer-apartments.pl\/pl\/de\/\">https:\/\/fischer-apartments.pl\/de<\/a>\u00a0zosta\u0142y zebrane. Zalecamy uwa\u017cne przeczytanie tego dokumentu. Podczas przetwarzania danych przestrzegamy wymog\u00f3w prawnych. Oznacza to mi\u0119dzy innymi:<\/p><ul><li>Jasno okre\u015blamy cele przetwarzania danych osobowych. Odbywa si\u0119 to za po\u015brednictwem niniejszego o\u015bwiadczenia o ochronie prywatno\u015bci.<\/li><li>Naszym celem jest ograniczenie gromadzenia danych osobowych do tych danych osobowych, kt\u00f3re s\u0105 wymagane z uzasadnionych powod\u00f3w.<\/li><li>Najpierw uzyskamy wyra\u017an\u0105 zgod\u0119 u\u017cytkownika, je\u015bli b\u0119dzie to konieczne do przetwarzania jego danych osobowych.<\/li><li>Podejmujemy odpowiednie \u015brodki bezpiecze\u0144stwa w celu ochrony danych osobowych u\u017cytkownika i wymagamy tego samego od stron, kt\u00f3re przetwarzaj\u0105 dane osobowe w naszym imieniu.<\/li><li>Szanujemy prawo u\u017cytkownika do dost\u0119pu lub usuni\u0119cia jego danych osobowych.<\/li><\/ul><p>W przypadku jakichkolwiek pyta\u0144 lub ch\u0119ci uzyskania informacji na temat przechowywanych przez nas danych osobowych, prosimy o kontakt.<\/p><h3>\u00a0<\/h3><h3>2. pliki cookie<\/h3><p>Nasza strona u\u017cywa plik\u00f3w cookie. Wi\u0119cej informacji na temat plik\u00f3w cookie mo\u017cna znale\u017a\u0107 na stronie\u00a0<a href=\"https:\/\/fischer-apartments.pl\/pl\/de\/cookie-policy\/\">Polityka plik\u00f3w cookie<\/a>\u00a0do.\u00a0<\/p><p>Obliczanie pe\u0142nego adresu IP jest przez nas zablokowane.<\/p><h3>\u00a0<\/h3><h3>3. bezpiecze\u0144stwo<\/h3><p>Dbamy o bezpiecze\u0144stwo danych osobowych. Podejmujemy odpowiednie \u015brodki bezpiecze\u0144stwa w celu ograniczenia niew\u0142a\u015bciwego wykorzystania i nieuprawnionego dost\u0119pu do danych osobowych. Gwarantuje to, \u017ce tylko niezb\u0119dne osoby maj\u0105 dost\u0119p do danych u\u017cytkownika, \u017ce dost\u0119p ten jest chroniony i \u017ce nasze \u015brodki bezpiecze\u0144stwa s\u0105 regularnie sprawdzane.<\/p><h3>\u00a0<\/h3><h3>4. strony internetowe os\u00f3b trzecich<\/h3><p>Niniejsza polityka prywatno\u015bci nie ma zastosowania do stron internetowych os\u00f3b trzecich, kt\u00f3re s\u0105 powi\u0105zane z nasz\u0105 witryn\u0105. Nie mo\u017cemy zagwarantowa\u0107, \u017ce te strony trzecie b\u0119d\u0105 przetwarza\u0107 dane osobowe u\u017cytkownika w spos\u00f3b niezawodny lub bezpieczny. Zalecamy zapoznanie si\u0119 z o\u015bwiadczeniami o ochronie prywatno\u015bci tych witryn przed skorzystaniem z nich.<\/p><h3>\u00a0<\/h3><h3>5. uzupe\u0142nienia niniejszej polityki prywatno\u015bci<\/h3><p>Zastrzegamy sobie prawo do wprowadzania zmian w niniejszym o\u015bwiadczeniu o ochronie prywatno\u015bci. Zaleca si\u0119 regularne czytanie niniejszego o\u015bwiadczenia o ochronie prywatno\u015bci, aby by\u0107 \u015bwiadomym wszelkich zmian. Ponadto w miar\u0119 mo\u017cliwo\u015bci b\u0119dziemy informowa\u0107 u\u017cytkownik\u00f3w.<\/p><h3>\u00a0<\/h3><h3>6. dost\u0119p do danych u\u017cytkownika i ich przetwarzanie<\/h3><p>W przypadku jakichkolwiek pyta\u0144 lub ch\u0119ci uzyskania informacji na temat przechowywanych przez nas danych osobowych, prosimy o kontakt. Mo\u017cesz skontaktowa\u0107 si\u0119 z nami, korzystaj\u0105c z poni\u017cszych informacji. U\u017cytkownikowi przys\u0142uguj\u0105 nast\u0119puj\u0105ce prawa:<\/p><ul><li>U\u017cytkownik ma prawo wiedzie\u0107, dlaczego jego dane osobowe s\u0105 wykorzystywane, co si\u0119 z nimi dzieje i jak d\u0142ugo s\u0105 przechowywane.<\/li><li>Prawo dost\u0119pu: U\u017cytkownik ma prawo dost\u0119pu do swoich danych osobowych, kt\u00f3re s\u0105 nam znane.<\/li><li>Prawo do sprostowania: U\u017cytkownik ma prawo do zmiany, poprawienia, usuni\u0119cia lub zablokowania swoich danych osobowych w dowolnym momencie.<\/li><li>Je\u015bli u\u017cytkownik wyrazi\u0142 zgod\u0119 na przetwarzanie swoich danych, ma prawo do wycofania tej zgody i usuni\u0119cia swoich danych osobowych.<\/li><li>Prawo do przenoszenia danych: U\u017cytkownik ma prawo za\u017c\u0105da\u0107 wszystkich swoich danych osobowych od jednego administratora danych i przekazania ich w ca\u0142o\u015bci innemu administratorowi danych.<\/li><li>Prawo do sprzeciwu: U\u017cytkownik mo\u017ce sprzeciwi\u0107 si\u0119 przetwarzaniu jego danych. Zastosujemy si\u0119 do tego, chyba \u017ce istniej\u0105 uzasadnione podstawy do przetwarzania danych.<\/li><\/ul><p>Upewnij si\u0119, \u017ce zawsze wyra\u017anie okre\u015blasz, kim jeste\u015b, aby\u015bmy mogli mie\u0107 pewno\u015b\u0107, \u017ce nie edytujemy ani nie usuwamy danych od niew\u0142a\u015bciwej osoby.<\/p><h3>\u00a0<\/h3><h3>7. przekaza\u0107 wiadomo\u015b\u0107<\/h3><p>Je\u015bli u\u017cytkownik nie jest zadowolony ze sposobu, w jaki przetwarzamy jego dane osobowe (skarga), ma prawo z\u0142o\u017cy\u0107 skarg\u0119 do Urz\u0119du.<\/p><h3>\u00a0<\/h3><h3>8. dane kontaktowe<\/h3><p>Julia Fischer<br \/>Mi\u0119dzyzdroje, ul. Promenada Gwiazd, nr 14C, lok. 71<br \/>Polska<br \/>Strona internetowa:\u00a0<a href=\"https:\/\/fischer-apartments.pl\/pl\/de\/\">https:\/\/fischer-apartments.pl\/de<\/a><br \/>E-mail:\u00a0<span class=\"cmplz-obfuscate\">moc.stnemtrapa-rehcsif@ofni<\/span><br \/>Numer telefonu: +48 797 90 92 00<\/p>\t\t\t\t\t\t<\/div>\n\t\t\t\t<\/div>\n\t\t\t\t\t<\/div>\n\t\t<\/div>\n\t\t\t\t\t<\/div>\n\t\t<\/section>\n\t\t\t\t<\/div>","protected":false},"excerpt":{"rendered":"<p>Datenschutzerkl\u00e4rung Diese Datenschutzerkl\u00e4rung wurde zuletzt am Juni 16.12.2022 aktualisiert und gilt f\u00fcr B\u00fcrger und Personen mit st\u00e4ndigem Wohnsitz im Europ\u00e4ischen Wirtschaftsraum und der Schweiz. In dieser Datenschutzerkl\u00e4rung erkl\u00e4ren wir was wir mit den Daten, die wir \u00fcber dich via\u00a0https:\/\/fischer-apartments.pl\/de\u00a0gesammelt haben, tun. Wir empfehlen dir, dieses Dokument sorgf\u00e4ltig zu lesen. W\u00e4hrend unserer Verarbeitung entsprechen wir den [&hellip;]<\/p>","protected":false},"author":2,"featured_media":0,"parent":0,"menu_order":0,"comment_status":"closed","ping_status":"closed","template":"elementor_header_footer","meta":{"footnotes":""},"class_list":["post-157","page","type-page","status-publish","hentry"],"_links":{"self":[{"href":"https:\/\/fischer-apartments.pl\/pl\/wp-json\/wp\/v2\/pages\/157","targetHints":{"allow":["GET"]}}],"collection":[{"href":"https:\/\/fischer-apartments.pl\/pl\/wp-json\/wp\/v2\/pages"}],"about":[{"href":"https:\/\/fischer-apartments.pl\/pl\/wp-json\/wp\/v2\/types\/page"}],"author":[{"embeddable":true,"href":"https:\/\/fischer-apartments.pl\/pl\/wp-json\/wp\/v2\/users\/2"}],"replies":[{"embeddable":true,"href":"https:\/\/fischer-apartments.pl\/pl\/wp-json\/wp\/v2\/comments?post=157"}],"version-history":[{"count":13,"href":"https:\/\/fischer-apartments.pl\/pl\/wp-json\/wp\/v2\/pages\/157\/revisions"}],"predecessor-version":[{"id":443,"href":"https:\/\/fischer-apartments.pl\/pl\/wp-json\/wp\/v2\/pages\/157\/revisions\/443"}],"wp:attachment":[{"href":"https:\/\/fischer-apartments.pl\/pl\/wp-json\/wp\/v2\/media?parent=157"}],"curies":[{"name":"wp","href":"https:\/\/api.w.org\/{rel}","templated":true}]}}