{"id":152,"date":"2023-06-02T10:44:58","date_gmt":"2023-06-02T10:44:58","guid":{"rendered":"https:\/\/fischer-apartments.pl\/?page_id=152"},"modified":"2023-08-06T22:02:57","modified_gmt":"2023-08-06T22:02:57","slug":"agb","status":"publish","type":"page","link":"https:\/\/fischer-apartments.pl\/pl\/agb\/","title":{"rendered":"AGB"},"content":{"rendered":"<div data-elementor-type=\"wp-page\" data-elementor-id=\"152\" class=\"elementor elementor-152\" data-elementor-post-type=\"page\">\n\t\t\t\t\t\t<section class=\"elementor-section elementor-top-section elementor-element elementor-element-9efaf45 elementor-section-height-min-height elementor-section-boxed elementor-section-height-default elementor-section-items-middle\" data-id=\"9efaf45\" data-element_type=\"section\" data-settings=\"{&quot;background_background&quot;:&quot;classic&quot;}\">\n\t\t\t\t\t\t<div class=\"elementor-container elementor-column-gap-default\">\n\t\t\t\t\t<div class=\"elementor-column elementor-col-100 elementor-top-column elementor-element elementor-element-9d491ba\" data-id=\"9d491ba\" data-element_type=\"column\">\n\t\t\t<div class=\"elementor-widget-wrap elementor-element-populated\">\n\t\t\t\t\t\t<div class=\"elementor-element elementor-element-894dfd1 elementor-widget elementor-widget-heading\" data-id=\"894dfd1\" data-element_type=\"widget\" data-widget_type=\"heading.default\">\n\t\t\t\t<div class=\"elementor-widget-container\">\n\t\t\t<h1 class=\"elementor-heading-title elementor-size-default\">Og\u00f3lne warunki handlowe<\/h1>\t\t<\/div>\n\t\t\t\t<\/div>\n\t\t\t\t\t<\/div>\n\t\t<\/div>\n\t\t\t\t\t<\/div>\n\t\t<\/section>\n\t\t\t\t<section class=\"elementor-section elementor-top-section elementor-element elementor-element-9b63109 elementor-section-boxed elementor-section-height-default elementor-section-height-default\" data-id=\"9b63109\" data-element_type=\"section\">\n\t\t\t\t\t\t<div class=\"elementor-container elementor-column-gap-default\">\n\t\t\t\t\t<div class=\"elementor-column elementor-col-100 elementor-top-column elementor-element elementor-element-86f29c8\" data-id=\"86f29c8\" data-element_type=\"column\">\n\t\t\t<div class=\"elementor-widget-wrap elementor-element-populated\">\n\t\t\t\t\t\t<div class=\"elementor-element elementor-element-65fe872 elementor-widget elementor-widget-text-editor\" data-id=\"65fe872\" data-element_type=\"widget\" data-widget_type=\"text-editor.default\">\n\t\t\t\t<div class=\"elementor-widget-container\">\n\t\t\t\t\t\t\t<h3>1. zawarcie umowy<\/h3>\n<p>Rezerwacji mo\u017cna dokona\u0107 na kilka sposob\u00f3w:<\/p>\n<p><strong>1.1<\/strong>&nbsp;Za po\u015brednictwem wi\u0105\u017c\u0105cego wniosku o rezerwacj\u0119. Wi\u0105\u017c\u0105cy wniosek o rezerwacj\u0119 z\u0142o\u017cony przez go\u015bcia jest natychmiast wi\u0105\u017c\u0105cy. Je\u015bli system rezerwacji wynajmuj\u0105cego zaakceptowa\u0142 wi\u0105\u017c\u0105ce zapytanie o rezerwacj\u0119, GO\u015a\u0106 otrzyma od wynajmuj\u0105cego potwierdzenie rezerwacji, pod warunkiem, \u017ce wynajmuj\u0105cy wyrazi zgod\u0119 na rezerwacj\u0119, z pro\u015bb\u0105 o zap\u0142at\u0119 ca\u0142kowitej ceny zgodnie z poni\u017cszymi zasadami.<\/p>\n<p><strong>1.2&nbsp;<\/strong>Za po\u015brednictwem oferty z\u0142o\u017conej go\u015bciowi przez wynajmuj\u0105cego. Oferta musi by\u0107 podpisana przez najemc\u0119 i otrzymana przez wynajmuj\u0105cego w ci\u0105gu 5 dni. Po zaakceptowaniu oferty przez wynajmuj\u0105cego, najemca otrzyma potwierdzenie rezerwacji z pro\u015bb\u0105 o zap\u0142at\u0119 ca\u0142kowitej ceny w wymaganej formie. Je\u015bli termin zwrotu nie zostanie dotrzymany, oferta jest niewa\u017cna.<br>Zawieraj\u0105c umow\u0119 i dokonuj\u0105c p\u0142atno\u015bci, go\u015b\u0107 potwierdza, \u017ce zapozna\u0142 si\u0119 z regulaminem obiektu i akceptuje go, a tak\u017ce wyra\u017ca zgod\u0119 na przesy\u0142anie faktur na adres e-mail go\u015bcia podany w zapytaniu o rezerwacj\u0119.<\/p>\n<h3>&nbsp;<\/h3>\n<h3>2. p\u0142atno\u015b\u0107<\/h3>\n<p>Ca\u0142kowita kwota zostanie przelana na nasze konto natychmiast po potwierdzeniu rezerwacji.<br>Koszty p\u0142atno\u015bci, w szczeg\u00f3lno\u015bci przelew\u00f3w bankowych z zagranicy, ponosi Go\u015b\u0107.<br>Po dokonaniu rezerwacji dost\u0119pne s\u0105 r\u00f3wnie\u017c opcje p\u0142atno\u015bci Sofort\u00fcberweisung, S\u20acPA, Przelewy24 (P24) i Blik.<\/p>\n<h3>&nbsp;<\/h3>\n<h3>Anulowanie<\/h3>\n<p><b>Elastyczna oferta&nbsp;<\/b><\/p>\n<p>Rezerwacja mo\u017ce zosta\u0107 anulowana bezp\u0142atnie do 30 dni przed przyjazdem. W takim przypadku wp\u0142acona kwota zostanie zwr\u00f3cona w ci\u0105gu 7 dni od daty anulowania rezerwacji. W przypadku anulowania rezerwacji po tym terminie lub niepojawienia si\u0119 Go\u015bcia w obiekcie, obiekt obci\u0105\u017cy Go\u015bcia op\u0142at\u0105 w wysoko\u015bci 50 % warto\u015bci rezerwacji.&nbsp;<\/p>\n<p><b>Oferta bezzwrotna<\/b><\/p>\n<p>Aby potwierdzi\u0107 rezerwacj\u0119, nale\u017cy ui\u015bci\u0107 z g\u00f3ry pe\u0142n\u0105 op\u0142at\u0119 za pobyt. W przypadku anulowania rezerwacji, zmiany jej terminu lub niepojawienia si\u0119 Go\u015bcia w obiekcie w dniu przyjazdu Go\u015bciom nie przys\u0142uguje zwrot koszt\u00f3w.<\/p>\n<p><\/p>\n<h3>&nbsp;<\/h3>\n<h3>4. przylot i odlot<\/h3>\n<p>Apartamenty mog\u0105 by\u0107 zajmowane od godziny 16:00 w dniu przyjazdu i musz\u0105 zosta\u0107 opuszczone do godziny 10:00 w dniu wyjazdu.<br>Je\u015bli zarezerwowany przedmiot najmu nie jest dost\u0119pny na czas z powodu niekorzystnych okoliczno\u015bci, najemca musi wyznaczy\u0107 wynajmuj\u0105cemu okres karencji do godziny 18:00 w dniu przyjazdu, aby zaradzi\u0107 tej sytuacji.<br>Wyjazd musi nast\u0105pi\u0107 przed godzin\u0105 11 rano.<br>Je\u015bli czas odlotu zostanie przekroczony o wi\u0119cej ni\u017c 30 minut, naliczona zostanie dodatkowa op\u0142ata za nocleg.<br>Inne godziny przyjazdu i wyjazdu mog\u0105 zosta\u0107 ustalone indywidualnie z wynajmuj\u0105cym.<\/p>\n<h3>&nbsp;<\/h3>\n<h3>5. warunki korzystania z mieszkania<\/h3>\n<p>W godzinach 22:00-07:00 w ca\u0142ym obiekcie obowi\u0105zuje cisza nocna.<br>W mieszkaniu i w budynku obowi\u0105zuje zakaz palenia.<br>Zwierz\u0119ta nie s\u0105 dozwolone.<br>W przypadku pobyt\u00f3w kilkutygodniowych r\u0119czniki i po\u015bciel zmieniane s\u0105 co tydzie\u0144.<br>Zabrania si\u0119 blokowania schod\u00f3w i korytarzy rowerami, w\u00f3zkami dzieci\u0119cymi lub innymi du\u017cymi przedmiotami.<br>Na czas wynajmu mieszkania Go\u015b\u0107 zobowi\u0105zany jest do wy\u0142\u0105czenia \u015bwiat\u0142a, zamkni\u0119cia okien i drzwi.<br>Mieszkanie wakacyjne zostanie przekazane przez wynajmuj\u0105cego w czystym stanie z pe\u0142n\u0105 inwentaryzacj\u0105.<br>Najemca zobowi\u0105zuje si\u0119 traktowa\u0107 wynajmowan\u0105 nieruchomo\u015b\u0107 (mieszkanie, inwentarz i obiekty zewn\u0119trzne) z nale\u017cyt\u0105 staranno\u015bci\u0105. W przypadku wyst\u0105pienia szk\u00f3d w okresie wynajmu, go\u015b\u0107 jest zobowi\u0105zany do poinformowania nas o tym. Go\u015b\u0107 jest r\u00f3wnie\u017c odpowiedzialny za winy swoich wsp\u00f3\u0142towarzyszy podr\u00f3\u017cy.<br>W dniu wyjazdu mieszkanie nale\u017cy posprz\u0105ta\u0107 miot\u0142\u0105, a \u015bmieci wyrzuci\u0107 do przeznaczonych do tego celu pojemnik\u00f3w, kt\u00f3re znajduj\u0105 si\u0119 w gara\u017cu (pi\u0119tro -1, w kierunku wyj\u015bcia z gara\u017cu). Naczynia nale\u017cy pozostawi\u0107 czyste w szafkach kuchennych.<br>Je\u015bli go\u015b\u0107 skr\u00f3ci pobyt, wynajmuj\u0105cy nie zwr\u00f3ci pieni\u0119dzy za niewykorzystany czas.<\/p>\n<h3>&nbsp;<\/h3>\n<h3>6. op\u0142aty dodatkowe<\/h3>\n<p>Jako zabezpieczenie umeblowania i wyposa\u017cenia Go\u015bcie zobowi\u0105zani s\u0105 wp\u0142aci\u0107 depozyt w wysoko\u015bci 400 PLN.&nbsp;<\/p>\n<p>Op\u0142ata klimatyczna wynosi 2,50 z\u0142 za osob\u0119 za noc.<\/p>\n<p>Go\u015b\u0107 ponosi odpowiedzialno\u015b\u0107 za wszelkie szkody wyrz\u0105dzone przez niego w wynajmowanej nieruchomo\u015bci, inwentarzu, np. uszkodzenie pod\u0142ogi lub mebli. Obejmuje to r\u00f3wnie\u017c koszty zagubionych kluczy.<br>Wy\u0142\u0105czone z tego s\u0105 szkody spowodowane si\u0142\u0105 wy\u017csz\u0105.<br>W przypadku nast\u0119puj\u0105cych ra\u017c\u0105cych narusze\u0144 niniejszego regulaminu go\u015b\u0107 zostanie obci\u0105\u017cony dodatkow\u0105 op\u0142at\u0105 w ci\u0105gu 7 dni od daty powzi\u0119cia wiadomo\u015bci o wyrz\u0105dzonych szkodach.<br>Wszelkie szkody powsta\u0142e po odebraniu mieszkania podlegaj\u0105 zwrotowi w wysoko\u015bci koszt\u00f3w nabycia lub koszt\u00f3w naprawy powi\u0119kszonych o op\u0142at\u0119 manipulacyjn\u0105.<\/p>\n<h3>&nbsp;<\/h3>\n<h3>7. ochrona danych<\/h3>\n<p>Go\u015b\u0107 wyra\u017ca zgod\u0119 na przechowywanie, modyfikacj\u0119 i\/lub usuni\u0119cie danych osobowych wymaganych w ramach zawartej z nim umowy. Wszystkie dane osobowe b\u0119d\u0105 traktowane z zachowaniem ca\u0142kowitej poufno\u015bci.<\/p>\n<h3>&nbsp;<\/h3>\n<h3>8. zosta\u0107<\/h3>\n<p>W przypadku korzystania z mieszkania wakacyjnego niezgodnie z warunkami umowy, takimi jak podnajem, przeludnienie, zak\u0142\u00f3canie spokoju domowego itp. oraz w przypadku niezap\u0142acenia pe\u0142nej kwoty czynszu, umowa mo\u017ce zosta\u0107 rozwi\u0105zana bez wypowiedzenia. Zap\u0142acony czynsz pozostaje u wynajmuj\u0105cego.<\/p>\n<h3>&nbsp;<\/h3>\n<h3>9 Odpowiedzialno\u015b\u0107 wynajmuj\u0105cego<\/h3>\n<p>Wynajmuj\u0105cy ponosi odpowiedzialno\u015b\u0107 w zakresie obowi\u0105zku starannego przedsi\u0119biorcy za prawid\u0142owe udost\u0119pnienie przedmiotu najmu. Odpowiedzialno\u015b\u0107 za wszelkie awarie lub zak\u0142\u00f3cenia w dostawie wody lub energii elektrycznej, a tak\u017ce zdarzenia i konsekwencje spowodowane si\u0142\u0105 wy\u017csz\u0105 s\u0105 niniejszym wy\u0142\u0105czone.6<\/p>\t\t\t\t\t\t<\/div>\n\t\t\t\t<\/div>\n\t\t\t\t\t<\/div>\n\t\t<\/div>\n\t\t\t\t\t<\/div>\n\t\t<\/section>\n\t\t\t\t<\/div>","protected":false},"excerpt":{"rendered":"<p>Allgemeine Gesch\u00e4ftsbedingungen 1. Vertragsschluss Eine Buchung kann auf verschiedene Arten erfolgen: 1.1&nbsp;\u00dcber eine verbindliche Buchungsanfrage. Die verbindliche Buchungsanfrage des Gastes ist sofort bindend. Hat das Buchungssystem des Vermieters Ihre verbindliche Buchungsanfrage angenommen, erhalten SIE vom Vermieter, sofern dieser der Buchung zustimmt, eine Buchungsbest\u00e4tigung mit der Aufforderung, den Gesamtpreis nach Ma\u00dfgabe der nachfolgenden Regelungen zu zahlen. [&hellip;]<\/p>","protected":false},"author":2,"featured_media":0,"parent":0,"menu_order":0,"comment_status":"closed","ping_status":"closed","template":"elementor_header_footer","meta":{"footnotes":""},"class_list":["post-152","page","type-page","status-publish","hentry"],"_links":{"self":[{"href":"https:\/\/fischer-apartments.pl\/pl\/wp-json\/wp\/v2\/pages\/152","targetHints":{"allow":["GET"]}}],"collection":[{"href":"https:\/\/fischer-apartments.pl\/pl\/wp-json\/wp\/v2\/pages"}],"about":[{"href":"https:\/\/fischer-apartments.pl\/pl\/wp-json\/wp\/v2\/types\/page"}],"author":[{"embeddable":true,"href":"https:\/\/fischer-apartments.pl\/pl\/wp-json\/wp\/v2\/users\/2"}],"replies":[{"embeddable":true,"href":"https:\/\/fischer-apartments.pl\/pl\/wp-json\/wp\/v2\/comments?post=152"}],"version-history":[{"count":19,"href":"https:\/\/fischer-apartments.pl\/pl\/wp-json\/wp\/v2\/pages\/152\/revisions"}],"predecessor-version":[{"id":351,"href":"https:\/\/fischer-apartments.pl\/pl\/wp-json\/wp\/v2\/pages\/152\/revisions\/351"}],"wp:attachment":[{"href":"https:\/\/fischer-apartments.pl\/pl\/wp-json\/wp\/v2\/media?parent=152"}],"curies":[{"name":"wp","href":"https:\/\/api.w.org\/{rel}","templated":true}]}}