{"id":157,"date":"2023-06-02T10:51:22","date_gmt":"2023-06-02T10:51:22","guid":{"rendered":"https:\/\/fischer-apartments.pl\/?page_id=157"},"modified":"2025-06-13T13:07:28","modified_gmt":"2025-06-13T13:07:28","slug":"datenschutz","status":"publish","type":"page","link":"https:\/\/fischer-apartments.pl\/en\/datenschutz\/","title":{"rendered":"Privacy"},"content":{"rendered":"<div data-elementor-type=\"wp-page\" data-elementor-id=\"157\" class=\"elementor elementor-157\" data-elementor-post-type=\"page\">\n\t\t\t\t\t\t<section class=\"elementor-section elementor-top-section elementor-element elementor-element-1b6893a elementor-section-height-min-height elementor-section-boxed elementor-section-height-default elementor-section-items-middle\" data-id=\"1b6893a\" data-element_type=\"section\" data-settings=\"{&quot;background_background&quot;:&quot;classic&quot;}\">\n\t\t\t\t\t\t<div class=\"elementor-container elementor-column-gap-default\">\n\t\t\t\t\t<div class=\"elementor-column elementor-col-100 elementor-top-column elementor-element elementor-element-a9c7046\" data-id=\"a9c7046\" data-element_type=\"column\">\n\t\t\t<div class=\"elementor-widget-wrap elementor-element-populated\">\n\t\t\t\t\t\t<div class=\"elementor-element elementor-element-36fa510 elementor-widget elementor-widget-heading\" data-id=\"36fa510\" data-element_type=\"widget\" data-widget_type=\"heading.default\">\n\t\t\t\t<div class=\"elementor-widget-container\">\n\t\t\t<h1 class=\"elementor-heading-title elementor-size-default\">Privacy policy<\/h1>\t\t<\/div>\n\t\t\t\t<\/div>\n\t\t\t\t\t<\/div>\n\t\t<\/div>\n\t\t\t\t\t<\/div>\n\t\t<\/section>\n\t\t\t\t<section class=\"elementor-section elementor-top-section elementor-element elementor-element-6a13707 elementor-section-boxed elementor-section-height-default elementor-section-height-default\" data-id=\"6a13707\" data-element_type=\"section\">\n\t\t\t\t\t\t<div class=\"elementor-container elementor-column-gap-default\">\n\t\t\t\t\t<div class=\"elementor-column elementor-col-100 elementor-top-column elementor-element elementor-element-ea53d40\" data-id=\"ea53d40\" data-element_type=\"column\">\n\t\t\t<div class=\"elementor-widget-wrap elementor-element-populated\">\n\t\t\t\t\t\t<div class=\"elementor-element elementor-element-efbeeed elementor-widget elementor-widget-text-editor\" data-id=\"efbeeed\" data-element_type=\"widget\" data-widget_type=\"text-editor.default\">\n\t\t\t\t<div class=\"elementor-widget-container\">\n\t\t\t\t\t\t\t<p><i>This Privacy Policy was last updated on June 16, 2022 and applies to citizens and permanent residents of the European Economic Area and Switzerland.<\/i><\/p><p>In this privacy policy, we explain what we do with the information we collect about you via\u00a0<a href=\"https:\/\/fischer-apartments.pl\/en\/de\/\">https:\/\/fischer-apartments.pl\/de<\/a>\u00a0have collected. We recommend that you read this document carefully. During our processing, we comply with the legal requirements. This means, among other things:<\/p><ul><li>We clearly indicate the purposes for the processing of personal data. This is done through this privacy policy.<\/li><li>We aim to limit our collection of personal information to only that personal information that is needed for legitimate reasons.<\/li><li>We will first obtain your explicit consent if this is necessary to process your personal data.<\/li><li>We take appropriate security measures to protect your personal information and require the same of parties who process personal information on our behalf.<\/li><li>We respect your right to access or delete your personal data.<\/li><\/ul><p>If you have any questions or would like to know what personal information we have about you, please contact us.<\/p><h3>\u00a0<\/h3><h3>2. cookies<\/h3><p>Our website used cookies. For more information about cookies please see our\u00a0<a href=\"https:\/\/fischer-apartments.pl\/en\/de\/cookie-policy\/\">Cookie Policy<\/a>\u00a0to.\u00a0<\/p><p>The calculation of the full IP address is blocked by us.<\/p><h3>\u00a0<\/h3><h3>3. safety<\/h3><p>We are committed to the security of personal information. We take appropriate security measures to limit misuse of and unauthorized access to personal information. This ensures that only necessary persons have access to your data, that this access is protected and that our security measures are regularly audited.<\/p><h3>\u00a0<\/h3><h3>4. third party websites<\/h3><p>This privacy policy does not apply to third party websites that are linked to our website. We cannot guarantee that these third parties will treat your personal information in a reliable or secure manner. We recommend that you read the privacy statements of these websites before using them.<\/p><h3>\u00a0<\/h3><h3>5. supplements to this privacy policy<\/h3><p>We reserve the right to make changes to this privacy statement. It is recommended that you read this privacy statement regularly to be aware of any changes. In addition, we will inform you wherever possible.<\/p><h3>\u00a0<\/h3><h3>6. access and processing of your data<\/h3><p>If you have any questions or would like to know what personal information we have about you, please contact us. You can reach us using the information below. You have the following rights:<\/p><ul><li>You have the right to know why your personal information is needed, what happens to it, and how long it is kept.<\/li><li>Right of access: You have the right to access your personal data known to us.<\/li><li>Right to rectification: You have the right whenever you wish to amend, correct and have your personal data deleted or blocked.<\/li><li>If you have given us your consent to process your data, you have the right to withdraw this consent and have your personal data deleted.<\/li><li>Right to transfer your data: You have the right to request all of your personal data from one data controller and to transfer it in its entirety to another data controller.<\/li><li>Right to object: You can object to the processing of your data. We will comply with this unless there are legitimate grounds for the processing.<\/li><\/ul><p>Please make sure that you always clearly state who you are so that we can be sure not to edit or delete data of the wrong person.<\/p><h3>\u00a0<\/h3><h3>7. transmit a message<\/h3><p>If you are not satisfied with the way in which we (your complaint) handle the processing of your personal data, you have the right to lodge a complaint with the Authority.<\/p><h3>\u00a0<\/h3><h3>8. contact details<\/h3><p>Julia Fischer<br \/>Mi\u0119dzyzdroje, ul. Promenada Gwiazd, No. 14C, loc. 71<br \/>Poland<br \/>Website:\u00a0<a href=\"https:\/\/fischer-apartments.pl\/en\/de\/\">https:\/\/fischer-apartments.pl\/de<\/a><br \/>Email:\u00a0<span class=\"cmplz-obfuscate\">moc.stnemtrapa-rehcsif@ofni<\/span><br \/>Phone number: +48 797 90 92 00<\/p>\t\t\t\t\t\t<\/div>\n\t\t\t\t<\/div>\n\t\t\t\t\t<\/div>\n\t\t<\/div>\n\t\t\t\t\t<\/div>\n\t\t<\/section>\n\t\t\t\t<\/div>","protected":false},"excerpt":{"rendered":"<p>Datenschutzerkl\u00e4rung Diese Datenschutzerkl\u00e4rung wurde zuletzt am Juni 16.12.2022 aktualisiert und gilt f\u00fcr B\u00fcrger und Personen mit st\u00e4ndigem Wohnsitz im Europ\u00e4ischen Wirtschaftsraum und der Schweiz. In dieser Datenschutzerkl\u00e4rung erkl\u00e4ren wir was wir mit den Daten, die wir \u00fcber dich via\u00a0https:\/\/fischer-apartments.pl\/de\u00a0gesammelt haben, tun. Wir empfehlen dir, dieses Dokument sorgf\u00e4ltig zu lesen. W\u00e4hrend unserer Verarbeitung entsprechen wir den [&hellip;]<\/p>","protected":false},"author":2,"featured_media":0,"parent":0,"menu_order":0,"comment_status":"closed","ping_status":"closed","template":"elementor_header_footer","meta":{"footnotes":""},"class_list":["post-157","page","type-page","status-publish","hentry"],"_links":{"self":[{"href":"https:\/\/fischer-apartments.pl\/en\/wp-json\/wp\/v2\/pages\/157","targetHints":{"allow":["GET"]}}],"collection":[{"href":"https:\/\/fischer-apartments.pl\/en\/wp-json\/wp\/v2\/pages"}],"about":[{"href":"https:\/\/fischer-apartments.pl\/en\/wp-json\/wp\/v2\/types\/page"}],"author":[{"embeddable":true,"href":"https:\/\/fischer-apartments.pl\/en\/wp-json\/wp\/v2\/users\/2"}],"replies":[{"embeddable":true,"href":"https:\/\/fischer-apartments.pl\/en\/wp-json\/wp\/v2\/comments?post=157"}],"version-history":[{"count":13,"href":"https:\/\/fischer-apartments.pl\/en\/wp-json\/wp\/v2\/pages\/157\/revisions"}],"predecessor-version":[{"id":443,"href":"https:\/\/fischer-apartments.pl\/en\/wp-json\/wp\/v2\/pages\/157\/revisions\/443"}],"wp:attachment":[{"href":"https:\/\/fischer-apartments.pl\/en\/wp-json\/wp\/v2\/media?parent=157"}],"curies":[{"name":"wp","href":"https:\/\/api.w.org\/{rel}","templated":true}]}}